{"id":653,"date":"2024-08-25T14:23:35","date_gmt":"2024-08-25T12:23:35","guid":{"rendered":"https:\/\/generationenhilfe-hadamar.de\/?page_id=653"},"modified":"2024-08-25T16:38:58","modified_gmt":"2024-08-25T14:38:58","slug":"lotsen-gesucht","status":"publish","type":"page","link":"https:\/\/generationenhilfe-hadamar.de\/?page_id=653","title":{"rendered":"Lotsen gesucht!"},"content":{"rendered":"\n<p>Die Digitalisierung hat das Leben ver\u00e4ndert. Bei fachkundiger Nutzung kann sie den Alltag sch\u00f6ner machen. Vor einigen Jahren haben wir \u00fcber das Festnetz telefoniert und gingen pers\u00f6nlich zum Einkaufen.<br><br>Heute l\u00e4sst sich per Smartphone vieles regulieren und experimentieren: das Telefonat mit Freunden, fotografieren, Nachrichten senden, navigieren, recherchieren, Einkauf beim Versandhandel, Steuerung der Rolll\u00e4den aus dem Urlaub, die K\u00fcchenmaschine digital einstellen und vieles mehr.<br><br>F\u00fcr junge Leute sind das Selbstverst\u00e4ndlichkeiten. Seniorinnen und Senioren tun sich oft schwer mit elektronischen Ger\u00e4ten wie Handy, PC, Laptop und Tablett.<br><br>Die Generationenhilfe Hadamar e.V. startet ein Projekt, um alle Generationen am digitalen Leben teilnehmen zu lassen. Geplant sind individuelle Beratung, Hilfe und Unterst\u00fctzung in kleinen Gruppen.<br><br>Hierzu suchen wir ehrenamtliche Digital-Lotsen, die andere fit machen f\u00fcr den digitalen Dschungel. Es m\u00fcssen keine Experten sein. Es reicht, Ger\u00e4te zu erkl\u00e4ren, zu bedienen, tippen, wischen, ziehen, zoomen, Nachrichten schreiben, fotografieren.<br><br><strong>Wer ehrenamtlich einmal in der Woche mitmachen m\u00f6chte, meldet sich unter:<\/strong><\/p>\n\n\n\n<p>per e-Mail: <a href=\"mailto:kontakt@generationenhilfe-Hadamar.de\">kontakt@generationenhilfe-Hadamar.de<\/a><br>via Facebook: <a href=\"https:\/\/www.facebook.com\/GenerationenhilfeHadamar\">https:\/\/www.facebook.com\/GenerationenhilfeHadamar<\/a><\/p>\n\n\n\n<p><strong>oder verwenden Sie folgendes Formular<\/strong>:<\/p>\n\n\n<div class=\"wpforms-container wpforms-container-full wpforms-block wpforms-block-cfa6091b-9bcb-4ae1-9cf7-abed751cac14 wpforms-render-modern\" id=\"wpforms-614\"><form id=\"wpforms-form-614\" class=\"wpforms-validate wpforms-form wpforms-ajax-form\" data-formid=\"614\" method=\"post\" enctype=\"multipart\/form-data\" action=\"\/index.php?rest_route=%2Fwp%2Fv2%2Fpages%2F653\" data-token=\"f84ea0bb6a487e790e2dbd55567dcd54\" data-token-time=\"1776439662\"><noscript class=\"wpforms-error-noscript\">Bitte aktiviere JavaScript in deinem Browser, um dieses Formular fertigzustellen.<\/noscript><div id=\"wpforms-error-noscript\" style=\"display: none;\">Bitte aktiviere JavaScript in deinem Browser, um dieses Formular fertigzustellen.<\/div><div class=\"wpforms-field-container\"><div id=\"wpforms-614-field_1-container\" class=\"wpforms-field wpforms-field-name\" data-field-id=\"1\"><fieldset><legend class=\"wpforms-field-label\">Name <span class=\"wpforms-required-label\" aria-hidden=\"true\">*<\/span><\/legend><div class=\"wpforms-field-row wpforms-field-medium\"><div class=\"wpforms-field-row-block wpforms-first wpforms-one-half\"><input type=\"text\" id=\"wpforms-614-field_1\" class=\"wpforms-field-name-first wpforms-field-required\" name=\"wpforms[fields][1][first]\" aria-errormessage=\"wpforms-614-field_1-error\" required><label for=\"wpforms-614-field_1\" class=\"wpforms-field-sublabel after\">Vorname<\/label><\/div><div class=\"wpforms-field-row-block wpforms-one-half\"><input type=\"text\" id=\"wpforms-614-field_1-last\" class=\"wpforms-field-name-last wpforms-field-required\" name=\"wpforms[fields][1][last]\" aria-errormessage=\"wpforms-614-field_1-last-error\" required><label for=\"wpforms-614-field_1-last\" class=\"wpforms-field-sublabel after\">Nachname<\/label><\/div><\/div><\/fieldset><\/div><div id=\"wpforms-614-field_2-container\" class=\"wpforms-field wpforms-field-email\" data-field-id=\"2\"><label class=\"wpforms-field-label\" for=\"wpforms-614-field_2\">Email <span class=\"wpforms-required-label\" aria-hidden=\"true\">*<\/span><\/label><input type=\"email\" id=\"wpforms-614-field_2\" class=\"wpforms-field-medium wpforms-field-required\" name=\"wpforms[fields][2]\" spellcheck=\"false\" aria-errormessage=\"wpforms-614-field_2-error\" required><\/div>\t\t<div id=\"wpforms-614-field_4-container\"\n\t\t\tclass=\"wpforms-field wpforms-field-text\"\n\t\t\tdata-field-type=\"text\"\n\t\t\tdata-field-id=\"4\"\n\t\t\t>\n\t\t\t<label class=\"wpforms-field-label\" for=\"wpforms-614-field_4\" >Telefon Email Name<\/label>\n\t\t\t<input type=\"text\" id=\"wpforms-614-field_4\" class=\"wpforms-field-medium\" name=\"wpforms[fields][4]\" >\n\t\t<\/div>\n\t\t<div id=\"wpforms-614-field_3-container\" class=\"wpforms-field wpforms-field-text\" data-field-id=\"3\"><label class=\"wpforms-field-label\" for=\"wpforms-614-field_3\">Telefon<\/label><input type=\"text\" id=\"wpforms-614-field_3\" class=\"wpforms-field-medium\" name=\"wpforms[fields][3]\" aria-errormessage=\"wpforms-614-field_3-error\" ><\/div><script>\n\t\t\t\t( function() {\n\t\t\t\t\tconst style = document.createElement( 'style' );\n\t\t\t\t\tstyle.appendChild( document.createTextNode( '#wpforms-614-field_4-container { position: absolute !important; overflow: hidden !important; display: inline !important; height: 1px !important; width: 1px !important; z-index: -1000 !important; padding: 0 !important; } #wpforms-614-field_4-container input { visibility: hidden; } #wpforms-conversational-form-page #wpforms-614-field_4-container label { counter-increment: none; }' ) );\n\t\t\t\t\tdocument.head.appendChild( style );\n\t\t\t\t\tdocument.currentScript?.remove();\n\t\t\t\t} )();\n\t\t\t<\/script><\/div><!-- .wpforms-field-container --><div class=\"wpforms-submit-container\" ><input type=\"hidden\" name=\"wpforms[id]\" value=\"614\"><input type=\"hidden\" name=\"page_title\" value=\"\"><input type=\"hidden\" name=\"page_url\" value=\"https:\/\/generationenhilfe-hadamar.de\/index.php?rest_route=\/wp\/v2\/pages\/653\"><input type=\"hidden\" name=\"url_referer\" value=\"\"><button type=\"submit\" name=\"wpforms[submit]\" id=\"wpforms-submit-614\" class=\"wpforms-submit\" data-alt-text=\"Daten werden \u00fcbertragen ...\" data-submit-text=\"senden\" aria-live=\"assertive\" value=\"wpforms-submit\">senden<\/button><img loading=\"lazy\" decoding=\"async\" src=\"https:\/\/generationenhilfe-hadamar.de\/wp-content\/plugins\/wpforms-lite\/assets\/images\/submit-spin.svg\" class=\"wpforms-submit-spinner\" style=\"display: none;\" width=\"26\" height=\"26\" alt=\"Wird geladen\"><\/div><\/form><\/div>  <!-- .wpforms-container -->","protected":false},"excerpt":{"rendered":"<p>Die Digitalisierung hat das Leben ver\u00e4ndert. Bei fachkundiger Nutzung kann sie den Alltag sch\u00f6ner machen. Vor einigen Jahren haben wir \u00fcber das Festnetz telefoniert und gingen pers\u00f6nlich zum Einkaufen. Heute l\u00e4sst sich per Smartphone vieles&#8230;<\/p>\n","protected":false},"author":1,"featured_media":0,"parent":0,"menu_order":0,"comment_status":"closed","ping_status":"closed","template":"","meta":{"footnotes":""},"class_list":["post-653","page","type-page","status-publish","hentry"],"_links":{"self":[{"href":"https:\/\/generationenhilfe-hadamar.de\/index.php?rest_route=\/wp\/v2\/pages\/653","targetHints":{"allow":["GET"]}}],"collection":[{"href":"https:\/\/generationenhilfe-hadamar.de\/index.php?rest_route=\/wp\/v2\/pages"}],"about":[{"href":"https:\/\/generationenhilfe-hadamar.de\/index.php?rest_route=\/wp\/v2\/types\/page"}],"author":[{"embeddable":true,"href":"https:\/\/generationenhilfe-hadamar.de\/index.php?rest_route=\/wp\/v2\/users\/1"}],"replies":[{"embeddable":true,"href":"https:\/\/generationenhilfe-hadamar.de\/index.php?rest_route=%2Fwp%2Fv2%2Fcomments&post=653"}],"version-history":[{"count":2,"href":"https:\/\/generationenhilfe-hadamar.de\/index.php?rest_route=\/wp\/v2\/pages\/653\/revisions"}],"predecessor-version":[{"id":681,"href":"https:\/\/generationenhilfe-hadamar.de\/index.php?rest_route=\/wp\/v2\/pages\/653\/revisions\/681"}],"wp:attachment":[{"href":"https:\/\/generationenhilfe-hadamar.de\/index.php?rest_route=%2Fwp%2Fv2%2Fmedia&parent=653"}],"curies":[{"name":"wp","href":"https:\/\/api.w.org\/{rel}","templated":true}]}}